{"id":316,"date":"2020-06-11T08:00:00","date_gmt":"2020-06-11T08:00:00","guid":{"rendered":"https:\/\/relaunch.odeonfiction.com\/?page_id=316"},"modified":"2025-06-02T06:39:49","modified_gmt":"2025-06-02T06:39:49","slug":"kontakt","status":"publish","type":"page","link":"https:\/\/www.odeonfiction.com\/en\/kontakt\/","title":{"rendered":"Kontakt &#8211; Impressum"},"content":{"rendered":"<div class=\"wpb-content-wrapper\">[vc_row padding_top=&#8221;0px&#8221; padding_bottom=&#8221;0px&#8221;][vc_column fade_animation_offset=&#8221;45px&#8221;][vc_column_text][\/vc_column_text][\/vc_column][\/vc_row][vc_row padding_top=&#8221;0px&#8221; padding_bottom=&#8221;0px&#8221;][vc_column fade_animation_offset=&#8221;45px&#8221;][vc_column_text][\/vc_column_text][\/vc_column][\/vc_row][vc_row padding_top=&#8221;0px&#8221; padding_bottom=&#8221;0px&#8221; css=&#8221;.vc_custom_1591864260336{padding-right 50px !important;padding-left 50px !important;}&#8221;][vc_column fade_animation_offset=&#8221;45px&#8221; width=&#8221;1\/1&#8243;][vc_column_text css=&#8221;&#8221; el_class=&#8221;contact1&#8243;]\n<p class=\"x_xxmsolistparagraph\" style=\"text-align: center;\"><span lang=\"EN-US\">Odeon Fiction GmbH<br \/>\n<\/span><span lang=\"EN-US\">Taunusstra\u00dfe 21<br \/>\n<\/span><span lang=\"EN-US\">80807 M\u00fcnchen<\/span><\/p>\n<p style=\"text-align: center;\"><span lang=\"EN-US\">Tel.: +49 (0)89 999 513 &#8211; 500<br \/>\n<\/span><span lang=\"EN-US\">Fax: +49 (0)89 999 513 &#8211; 194<\/span><\/p>\n<p style=\"text-align: center;\"><span lang=\"EN-US\">E-Mail:\u00a0<a href=\"mailto:mail@odeonfiction.com\" target=\"_blank\" rel=\"noopener noreferrer\" data-auth=\"NotApplicable\">mail@odeonfiction.com<\/a><\/span><\/p>\n<p style=\"text-align: center;\"><em>\u00bb Please refrain from sending us your own expos\u00e9s, treatments, screenplays,<br \/>\napplications etc., as unsolicited documents will be deleted unread.<\/em><\/p>\n[\/vc_column_text][\/vc_column][\/vc_row][vc_row padding_top=&#8221;50px&#8221; padding_bottom=&#8221;0px&#8221; css=&#8221;.vc_custom_1591864260336{padding-right 50px !important;padding-left 50px !important;}&#8221; bg_video=&#8221;&#8221; class=&#8221;&#8221; style=&#8221;&#8221;][vc_column fade_animation_offset=&#8221;45px&#8221; id=&#8221;&#8221; class=&#8221;x-1-1&#8243; style=&#8221;&#8221;][vc_tta_tabs][vc_tta_section title=&#8221;Munchen&#8221; tab_id=&#8221;Munchen&#8221;][vc_gmaps link=&#8221;#E-8_JTNDaWZyYW1lJTIwc3JjJTNEJTIyaHR0cHMlM0ElMkYlMkZ3d3cuZ29vZ2xlLmNvbSUyRm1hcHMlMkZlbWJlZCUzRnBiJTNEJTIxMW0xOCUyMTFtMTIlMjExbTMlMjExZDI2NTkuOTA1ODc3NTA2MTg5NCUyMTJkMTEuNTc0ODgzMDE1NjUzMzMlMjEzZDQ4LjE4OTE2NDk1NTU0NTQlMjEybTMlMjExZjAlMjEyZjAlMjEzZjAlMjEzbTIlMjExaTEwMjQlMjEyaTc2OCUyMTRmMTMuMSUyMTNtMyUyMTFtMiUyMTFzMHg0NzlkZDkyYTdhMmNmMWU1JTI1M0EweGQ0M2U5NDIxZDhiYmYwNmIlMjEyc09kZW9uJTI1MjBGaWN0aW9uJTI1MjBHbWJIJTIxNWUwJTIxM20yJTIxMXNkZSUyMTJzZGUlMjE0djE2MzkwNjgwODk4NDYlMjE1bTIlMjExc2RlJTIxMnNkZSUyMiUyMHdpZHRoJTNEJTIyNjAwJTIyJTIwaGVpZ2h0JTNEJTIyNDUwJTIyJTIwc3R5bGUlM0QlMjJib3JkZXIlM0EwJTNCJTIyJTIwYWxsb3dmdWxsc2NyZWVuJTNEJTIyJTIyJTIwbG9hZGluZyUzRCUyMmxhenklMjIlM0UlM0MlMkZpZnJhbWUlM0U=&#8221;][\/vc_tta_section][\/vc_tta_tabs][\/vc_column][\/vc_row][vc_row padding_top=&#8221;0px&#8221; padding_bottom=&#8221;0px&#8221;][vc_column fade_animation_offset=&#8221;45px&#8221; id=&#8221;&#8221; class=&#8221;x-1-1&#8243; style=&#8221;&#8221;][vc_column_text css=&#8221;&#8221;]\n<p style=\"text-align: center;\"><span lang=\"EN-US\">Vertretungsber. Gesch\u00e4ftsf\u00fchrer Mischa Hofmann, Fred Kogel, J\u00fcrgen Neugebauer, Britta Meyermann<br \/>\nRegistergericht Amtsgericht M\u00fcnchen<br \/>\nRegisternummer HRB 11 20 35<br \/>\nUmsatzsteuer-ID DE 212 305 247<\/span><\/p>\n<p style=\"text-align: center;\">Responsible for the content of this website in accordance with \u00a7 18 (2) of the German State Media Treaty (MStV):<\/p>\n<p style=\"text-align: center;\"><span lang=\"EN-US\">Odeon Fiction GmbH<br \/>\n<\/span><span lang=\"EN-US\">Taunusstra\u00dfe 21<br \/>\n<\/span><span lang=\"EN-US\">80807 M\u00fcnchen<\/span><\/p>\n[\/vc_column_text][\/vc_column][\/vc_row][vc_row padding_top=&#8221;0px&#8221; padding_bottom=&#8221;0px&#8221;][vc_column fade_animation_offset=&#8221;45px&#8221;][vc_column_text][\/vc_column_text][\/vc_column][\/vc_row][vc_row padding_top=&#8221;0px&#8221; padding_bottom=&#8221;0px&#8221;][vc_column fade_animation_offset=&#8221;45px&#8221;][vc_column_text][\/vc_column_text][\/vc_column][\/vc_row]\n<\/div>","protected":false},"excerpt":{"rendered":"<p>[vc_row padding_top=&#8221;0px&#8221; padding_bottom=&#8221;0px&#8221;][vc_column fade_animation_offset=&#8221;45px&#8221;][vc_column_text][\/vc_column_text][\/vc_column][\/vc_row][vc_row padding_top=&#8221;0px&#8221; padding_bottom=&#8221;0px&#8221;][vc_column fade_animation_offset=&#8221;45px&#8221;][vc_column_text][\/vc_column_text][\/vc_column][\/vc_row][vc_row padding_top=&#8221;0px&#8221; padding_bottom=&#8221;0px&#8221; css=&#8221;.vc_custom_1591864260336{padding-right 50px !important;padding-left 50px !important;}&#8221;][vc_column fade_animation_offset=&#8221;45px&#8221; width=&#8221;1\/1&#8243;][vc_column_text css=&#8221;&#8221; el_class=&#8221;contact1&#8243;] Odeon Fiction GmbH Taunusstra\u00dfe 21 80807 M\u00fcnchen Tel.: +49 (0)89 999 513 &#8211; 500 Fax: +49 (0)89 999 513 &#8211; 194 E-Mail:\u00a0mail@odeonfiction.com \u00bb Please refrain from sending us your own expos\u00e9s, treatments, screenplays, applications etc., as unsolicited documents will be deleted unread. &#8230;<\/p>\n","protected":false},"author":1,"featured_media":0,"parent":0,"menu_order":0,"comment_status":"closed","ping_status":"closed","template":"template-layout-full-width.php","meta":{"footnotes":""},"class_list":["post-316","page","type-page","status-publish","hentry","no-post-thumbnail"],"_links":{"self":[{"href":"https:\/\/www.odeonfiction.com\/en\/wp-json\/wp\/v2\/pages\/316","targetHints":{"allow":["GET"]}}],"collection":[{"href":"https:\/\/www.odeonfiction.com\/en\/wp-json\/wp\/v2\/pages"}],"about":[{"href":"https:\/\/www.odeonfiction.com\/en\/wp-json\/wp\/v2\/types\/page"}],"author":[{"embeddable":true,"href":"https:\/\/www.odeonfiction.com\/en\/wp-json\/wp\/v2\/users\/1"}],"replies":[{"embeddable":true,"href":"https:\/\/www.odeonfiction.com\/en\/wp-json\/wp\/v2\/comments?post=316"}],"version-history":[{"count":38,"href":"https:\/\/www.odeonfiction.com\/en\/wp-json\/wp\/v2\/pages\/316\/revisions"}],"predecessor-version":[{"id":3902,"href":"https:\/\/www.odeonfiction.com\/en\/wp-json\/wp\/v2\/pages\/316\/revisions\/3902"}],"wp:attachment":[{"href":"https:\/\/www.odeonfiction.com\/en\/wp-json\/wp\/v2\/media?parent=316"}],"curies":[{"name":"wp","href":"https:\/\/api.w.org\/{rel}","templated":true}]}}